{"id":11392,"date":"2022-07-02T21:37:22","date_gmt":"2022-07-02T19:37:22","guid":{"rendered":"https:\/\/terratuscia.com\/?page_id=11392"},"modified":"2022-07-04T09:31:24","modified_gmt":"2022-07-04T07:31:24","slug":"echtheit-von-bewertungen","status":"publish","type":"page","link":"https:\/\/terratuscia.com\/de\/echtheit-von-bewertungen\/","title":{"rendered":"Echtheit von Bewertungen"},"content":{"rendered":"\n<p>Eine \u00dcberpr\u00fcfung der Bewertungen findet bei uns wie folgt statt:<br>Wir pr\u00fcfen Bewertungen zu unseren Produkten. Jede Bewertung wird individuell darauf gepr\u00fcft, ob diese ein Verbraucher vorgenommen hat, der die Waren oder Dienstleistungen tats\u00e4chlich bei uns erworben hat.<\/p>\n","protected":false},"excerpt":{"rendered":"<p>Eine \u00dcberpr\u00fcfung der Bewertungen findet bei uns wie folgt statt:Wir pr\u00fcfen Bewertungen zu unseren Produkten. Jede Bewertung wird individuell darauf gepr\u00fcft, ob diese ein Verbraucher vorgenommen hat, der die Waren oder Dienstleistungen tats\u00e4chlich bei uns erworben hat.<\/p>\n","protected":false},"author":1,"featured_media":0,"parent":0,"menu_order":0,"comment_status":"closed","ping_status":"closed","template":"","meta":{"_uag_custom_page_level_css":"","site-sidebar-layout":"default","site-content-layout":"default","ast-global-header-display":"","ast-banner-title-visibility":"","ast-main-header-display":"","ast-hfb-above-header-display":"","ast-hfb-below-header-display":"","ast-hfb-mobile-header-display":"","site-post-title":"","ast-breadcrumbs-content":"","ast-featured-img":"","footer-sml-layout":"","theme-transparent-header-meta":"","adv-header-id-meta":"","stick-header-meta":"","header-above-stick-meta":"","header-main-stick-meta":"","header-below-stick-meta":""},"uagb_featured_image_src":{"full":false,"thumbnail":false,"medium":false,"medium_large":false,"large":false,"1536x1536":false,"2048x2048":false,"woocommerce_thumbnail":false,"woocommerce_single":false,"woocommerce_gallery_thumbnail":false},"uagb_author_info":{"display_name":"HolgerD","author_link":"https:\/\/terratuscia.com\/de\/author\/holgerd\/"},"uagb_comment_info":0,"uagb_excerpt":"Eine \u00dcberpr\u00fcfung der Bewertungen findet bei uns wie folgt statt:Wir pr\u00fcfen Bewertungen zu unseren Produkten. Jede Bewertung wird individuell darauf gepr\u00fcft, ob diese ein Verbraucher vorgenommen hat, der die Waren oder Dienstleistungen tats\u00e4chlich bei uns erworben hat.","_links":{"self":[{"href":"https:\/\/terratuscia.com\/de\/wp-json\/wp\/v2\/pages\/11392"}],"collection":[{"href":"https:\/\/terratuscia.com\/de\/wp-json\/wp\/v2\/pages"}],"about":[{"href":"https:\/\/terratuscia.com\/de\/wp-json\/wp\/v2\/types\/page"}],"author":[{"embeddable":true,"href":"https:\/\/terratuscia.com\/de\/wp-json\/wp\/v2\/users\/1"}],"replies":[{"embeddable":true,"href":"https:\/\/terratuscia.com\/de\/wp-json\/wp\/v2\/comments?post=11392"}],"version-history":[{"count":2,"href":"https:\/\/terratuscia.com\/de\/wp-json\/wp\/v2\/pages\/11392\/revisions"}],"predecessor-version":[{"id":11443,"href":"https:\/\/terratuscia.com\/de\/wp-json\/wp\/v2\/pages\/11392\/revisions\/11443"}],"wp:attachment":[{"href":"https:\/\/terratuscia.com\/de\/wp-json\/wp\/v2\/media?parent=11392"}],"curies":[{"name":"wp","href":"https:\/\/api.w.org\/{rel}","templated":true}]}}