{"id":10479,"date":"2022-05-14T15:20:10","date_gmt":"2022-05-14T13:20:10","guid":{"rendered":"https:\/\/terratuscia.com\/?page_id=10479"},"modified":"2023-01-05T22:29:14","modified_gmt":"2023-01-05T21:29:14","slug":"il-sambuco","status":"publish","type":"page","link":"https:\/\/terratuscia.com\/de\/produzenten\/il-sambuco\/","title":{"rendered":"Il Sambuco"},"content":{"rendered":"\n<div class=\"wp-block-group alignwide wp-block-group-hdm-no-margin has-white-background-color has-background is-layout-flow\">\n<div class=\"wp-block-columns alignwide is-layout-flex wp-container-3\">\n<div class=\"wp-block-column is-layout-flow\">\n<h1 class=\"has-text-align-left wp-block-heading\">Il Sambuco<\/h1>\n<\/div>\n\n\n\n<div class=\"wp-block-column is-vertically-aligned-center is-layout-flow\"><\/div>\n<\/div>\n\n\n\n<p>Il Sambuco begann 1984 anf\u00e4nglich als Gem\u00fcseproduzent in Viterbo, bis Paolo 1991 die Stadt verliess und aufs Land zog, wo er heute noch lebt und arbeitet: In den H\u00fcgeln von Tuscia, im pittoresken Celleno.<\/p>\n\n\n\n<p>1997 begann er mit dem Bau eines Holzofens und eines Labors, in dem Getreide und Backwaren mit der geringstm\u00f6glichen Umweltbelastung verarbeitet werden.<\/p>\n\n\n\n<figure class=\"wp-block-image alignwide size-full is-style-rounded\"><img decoding=\"async\" loading=\"lazy\" width=\"1200\" height=\"600\" src=\"https:\/\/terratuscia.com\/wp-content\/uploads\/2022\/05\/il-sambuco-paolo-1.jpg\" alt=\"\" class=\"wp-image-10483\" srcset=\"https:\/\/terratuscia.com\/wp-content\/uploads\/2022\/05\/il-sambuco-paolo-1.jpg 1200w, https:\/\/terratuscia.com\/wp-content\/uploads\/2022\/05\/il-sambuco-paolo-1-768x384.jpg 768w\" sizes=\"(max-width: 1200px) 100vw, 1200px\" title=\"\"><figcaption class=\"wp-element-caption\"><em>Paolo<\/em><\/figcaption><\/figure>\n\n\n\n<div class=\"wp-block-media-text alignwide is-stacked-on-mobile is-vertically-aligned-center\" style=\"grid-template-columns:34% auto\"><figure class=\"wp-block-media-text__media\"><img decoding=\"async\" loading=\"lazy\" width=\"600\" height=\"400\" src=\"https:\/\/terratuscia.com\/wp-content\/uploads\/2022\/05\/il-sambuco-2.jpg\" alt=\"\" class=\"wp-image-10489 size-full\" title=\"\"><\/figure><div class=\"wp-block-media-text__content\">\n<h3 class=\"wp-block-heading\"> Nachhaltige Technik und Verarbeitung <\/h3>\n\n\n\n<p>Er w\u00e4hlte ausschliesslich \u00f6kologische Bautechniken. So wird im Ofen die Verbrennung optimiert, um das Holz optimal zu nutzen und den Co2 Ausstoss zu reduzieren. Sonnenkollektoren mit Speicher produzieren den Strom, und die Mehle werden in einer M\u00fchle gemahlen, die von Wasserkraftturbinen angetrieben wird.<br>Alle Verpackungen bestehen nat\u00fcrlich aus nachhaltigen Materialien.<\/p>\n<\/div><\/div>\n\n\n\n<div class=\"wp-block-media-text alignwide is-stacked-on-mobile is-vertically-aligned-center\" style=\"grid-template-columns:34% auto\"><figure class=\"wp-block-media-text__media\"><img decoding=\"async\" loading=\"lazy\" width=\"600\" height=\"400\" src=\"https:\/\/terratuscia.com\/wp-content\/uploads\/2022\/05\/il-sambuco-1.jpg\" alt=\"\" class=\"wp-image-10486 size-full\" title=\"\"><\/figure><div class=\"wp-block-media-text__content\">\n<h3 class=\"wp-block-heading\">Nat\u00fcrliche Fermentation<\/h3>\n\n\n\n<p>Il Sambuco verwendet Sauerteig, ein nat\u00fcrlicher Fermentationsprozess, der sich spontan durch wiederholtes Mischen von Wasser und Mehl aufgrund der Vermehrung von Mikroorganismen (mikroskopisch kleine Pilze, insbesondere Saccharomyceten) bildet, die f\u00fcr den menschlichen K\u00f6rper, insbesondere f\u00fcr die Darm- und Leberbakterienflora, vorteilhaft sind ; Saccaromyces elypsoideus beispielsweise hat die Eigenschaft, Krankheitserreger wie Salmonellen, die sich in unserem Darmsystem entwickeln k\u00f6nnen, zu bek\u00e4mpfen und einzud\u00e4mmen.<\/p>\n<\/div><\/div>\n\n\n\n<div class=\"wp-block-media-text alignwide is-stacked-on-mobile is-vertically-aligned-center\" style=\"grid-template-columns:34% auto\"><figure class=\"wp-block-media-text__media\"><img decoding=\"async\" loading=\"lazy\" width=\"600\" height=\"400\" src=\"https:\/\/terratuscia.com\/wp-content\/uploads\/2022\/05\/il-sambuco-4.jpg\" alt=\"\" class=\"wp-image-10495 size-full\" title=\"\"><\/figure><div class=\"wp-block-media-text__content\">\n<p>Im Gegensatz zu Bierhefe macht Sauerteig, der zur Herstellung von Brot verwendet wird, auch Kleie, den n\u00e4hrstoffreichsten Bestandteil von Getreide, f\u00fcr unseren K\u00f6rper verdaulich und aufnehmbar. <\/p>\n\n\n\n<p>Die f\u00fcr den Brotteig verwendeten Mehle aus biologischem Anbau werden umwelt- und rohstoffschonend hergestellt, sind also frei von gesundheitsgef\u00e4hrdenden chemisch-toxischen Stoffen. <\/p>\n<\/div><\/div>\n\n\n\n<div class=\"wp-block-media-text alignwide is-stacked-on-mobile is-vertically-aligned-center\" style=\"grid-template-columns:34% auto\"><figure class=\"wp-block-media-text__media\"><img decoding=\"async\" loading=\"lazy\" width=\"600\" height=\"400\" src=\"https:\/\/terratuscia.com\/wp-content\/uploads\/2022\/05\/il-sambuco-3.jpg\" alt=\"\" class=\"wp-image-10492 size-full\" title=\"\"><\/figure><div class=\"wp-block-media-text__content\">\n<h3 class=\"wp-block-heading\">Zusammenarbeit km0<\/h3>\n\n\n\n<p>Um den \u00f6kologischen Anbau insgesamt wachsen zu lassen, arbeitet das Team von Il Sambuco mit einen Netzwerk lokaler Unternehmen zusammen.<br>Die Lebensmittelkette bleibt komplett lokal, das heisst reduziert Transportkilometer auf beinah 0 und sch\u00fctzt lokale Arbeitspl\u00e4tze<\/p>\n<\/div><\/div>\n\n\n\n<h3 class=\"alignwide wp-block-heading\">und das sind einige ihrer Produkte<\/h3>\n\n\n<div class=\"woocommerce columns-6 \"><ul class=\"products columns-6\">\n<li class=\"desktop-align-right tablet-align-right mobile-align-right ast-product-gallery-layout-horizontal-slider ast-product-gallery-with-no-image ast-product-tabs-layout-vertical product type-product post-11930 status-publish first instock product_cat-suesses-und-fruehstueck has-post-thumbnail taxable shipping-taxable purchasable product-type-simple\">\n\t<div class=\"biokategorie_block\"><span class=\"biokategorie_display Biozertifiziert\" title=\"Biozertifiziert\" role=\"img\" aria-label=\"Biozertifiziert\"> <\/span><span class=\"biokategorie_display BioDistretto\" title=\"BioDistretto\" role=\"img\" aria-label=\"BioDistretto\"> <\/span><\/div><div class=\"pwb-brands-in-loop\"><span><a href=\"https:\/\/terratuscia.com\/de\/produzentproduktarchiv\/il-sambuco\/\">Il Sambuco<\/a><\/span><\/div><\/li>\n<li class=\"desktop-align-right tablet-align-right mobile-align-right ast-product-gallery-layout-horizontal-slider ast-product-gallery-with-no-image ast-product-tabs-layout-vertical product type-product post-10293 status-publish onbackorder product_cat-suesses-und-fruehstueck has-post-thumbnail taxable shipping-taxable purchasable product-type-simple\">\n\t<div class=\"biokategorie_block\"><span class=\"biokategorie_display Biozertifiziert\" title=\"Biozertifiziert\" role=\"img\" aria-label=\"Biozertifiziert\"> <\/span><span class=\"biokategorie_display BioDistretto\" title=\"BioDistretto\" role=\"img\" aria-label=\"BioDistretto\"> <\/span><\/div><div class=\"pwb-brands-in-loop\"><span><a href=\"https:\/\/terratuscia.com\/de\/produzentproduktarchiv\/il-sambuco\/\">Il Sambuco<\/a><\/span><\/div><\/li>\n<li class=\"desktop-align-right tablet-align-right mobile-align-right ast-product-gallery-layout-horizontal-slider ast-product-gallery-with-no-image ast-product-tabs-layout-vertical product type-product post-12324 status-publish outofstock product_cat-pasta-und-zubehoer has-post-thumbnail taxable shipping-taxable purchasable product-type-simple\">\n\t<div class=\"biokategorie_block\"><span class=\"biokategorie_display Biozertifiziert\" title=\"Biozertifiziert\" role=\"img\" aria-label=\"Biozertifiziert\"> <\/span><span class=\"biokategorie_display BioDistretto\" title=\"BioDistretto\" role=\"img\" aria-label=\"BioDistretto\"> <\/span><\/div><div class=\"pwb-brands-in-loop\"><span><a href=\"https:\/\/terratuscia.com\/de\/produzentproduktarchiv\/il-sambuco\/\">Il Sambuco<\/a><\/span><\/div><\/li>\n<li class=\"desktop-align-right tablet-align-right mobile-align-right ast-product-gallery-layout-horizontal-slider ast-product-gallery-with-no-image ast-product-tabs-layout-vertical product type-product post-10373 status-publish instock product_cat-suesses-und-fruehstueck has-post-thumbnail taxable shipping-taxable purchasable product-type-simple\">\n\t<div class=\"biokategorie_block\"><span class=\"biokategorie_display Biozertifiziert\" title=\"Biozertifiziert\" role=\"img\" aria-label=\"Biozertifiziert\"> <\/span><span class=\"biokategorie_display BioDistretto\" title=\"BioDistretto\" role=\"img\" aria-label=\"BioDistretto\"> <\/span><\/div><div class=\"pwb-brands-in-loop\"><span><a href=\"https:\/\/terratuscia.com\/de\/produzentproduktarchiv\/il-sambuco\/\">Il Sambuco<\/a><\/span><\/div><\/li>\n<li class=\"desktop-align-right tablet-align-right mobile-align-right ast-product-gallery-layout-horizontal-slider ast-product-gallery-with-no-image ast-product-tabs-layout-vertical product type-product post-10314 status-publish instock product_cat-suesses-und-fruehstueck has-post-thumbnail taxable shipping-taxable purchasable product-type-simple\">\n\t<div class=\"biokategorie_block\"><span class=\"biokategorie_display Biozertifiziert\" title=\"Biozertifiziert\" role=\"img\" aria-label=\"Biozertifiziert\"> <\/span><span class=\"biokategorie_display BioDistretto\" title=\"BioDistretto\" role=\"img\" aria-label=\"BioDistretto\"> <\/span><\/div><div class=\"pwb-brands-in-loop\"><span><a href=\"https:\/\/terratuscia.com\/de\/produzentproduktarchiv\/il-sambuco\/\">Il Sambuco<\/a><\/span><\/div><\/li>\n<li class=\"desktop-align-right tablet-align-right mobile-align-right ast-product-gallery-layout-horizontal-slider ast-product-gallery-with-no-image ast-product-tabs-layout-vertical product type-product post-10778 status-publish last instock product_cat-suesses-und-fruehstueck has-post-thumbnail taxable shipping-taxable purchasable product-type-simple\">\n\t<div class=\"biokategorie_block\"><span class=\"biokategorie_display Biozertifiziert\" title=\"Biozertifiziert\" role=\"img\" aria-label=\"Biozertifiziert\"> <\/span><span class=\"biokategorie_display BioDistretto\" title=\"BioDistretto\" role=\"img\" aria-label=\"BioDistretto\"> <\/span><\/div><div class=\"pwb-brands-in-loop\"><span><a href=\"https:\/\/terratuscia.com\/de\/produzentproduktarchiv\/il-sambuco\/\">Il Sambuco<\/a><\/span><\/div><\/li>\n<\/ul>\n<\/div>\n<\/div>\n","protected":false},"excerpt":{"rendered":"<p>Umweltfreundliche Verpackung aus Cellulose<\/p>\n","protected":false},"author":1,"featured_media":10310,"parent":6031,"menu_order":0,"comment_status":"open","ping_status":"closed","template":"","meta":{"_uag_custom_page_level_css":"","site-sidebar-layout":"default","site-content-layout":"default","ast-global-header-display":"","ast-banner-title-visibility":"","ast-main-header-display":"","ast-hfb-above-header-display":"","ast-hfb-below-header-display":"","ast-hfb-mobile-header-display":"","site-post-title":"disabled","ast-breadcrumbs-content":"","ast-featured-img":"disabled","footer-sml-layout":"","theme-transparent-header-meta":"","adv-header-id-meta":"","stick-header-meta":"","header-above-stick-meta":"","header-main-stick-meta":"","header-below-stick-meta":""},"uagb_featured_image_src":{"full":["https:\/\/terratuscia.com\/wp-content\/uploads\/2022\/05\/il-sambuco-Paolo.jpg",600,400,false],"thumbnail":["https:\/\/terratuscia.com\/wp-content\/uploads\/2022\/05\/il-sambuco-Paolo-150x150.jpg",150,150,true],"medium":["https:\/\/terratuscia.com\/wp-content\/uploads\/2022\/05\/il-sambuco-Paolo.jpg",600,400,false],"medium_large":["https:\/\/terratuscia.com\/wp-content\/uploads\/2022\/05\/il-sambuco-Paolo.jpg",600,400,false],"large":["https:\/\/terratuscia.com\/wp-content\/uploads\/2022\/05\/il-sambuco-Paolo.jpg",600,400,false],"1536x1536":["https:\/\/terratuscia.com\/wp-content\/uploads\/2022\/05\/il-sambuco-Paolo.jpg",600,400,false],"2048x2048":["https:\/\/terratuscia.com\/wp-content\/uploads\/2022\/05\/il-sambuco-Paolo.jpg",600,400,false],"woocommerce_thumbnail":["https:\/\/terratuscia.com\/wp-content\/uploads\/2022\/05\/il-sambuco-Paolo-350x350.jpg",350,350,true],"woocommerce_single":["https:\/\/terratuscia.com\/wp-content\/uploads\/2022\/05\/il-sambuco-Paolo.jpg",600,400,false],"woocommerce_gallery_thumbnail":["https:\/\/terratuscia.com\/wp-content\/uploads\/2022\/05\/il-sambuco-Paolo-200x200.jpg",200,200,true]},"uagb_author_info":{"display_name":"HolgerD","author_link":"https:\/\/terratuscia.com\/de\/author\/holgerd\/"},"uagb_comment_info":0,"uagb_excerpt":"Umweltfreundliche Verpackung aus Cellulose","_links":{"self":[{"href":"https:\/\/terratuscia.com\/de\/wp-json\/wp\/v2\/pages\/10479"}],"collection":[{"href":"https:\/\/terratuscia.com\/de\/wp-json\/wp\/v2\/pages"}],"about":[{"href":"https:\/\/terratuscia.com\/de\/wp-json\/wp\/v2\/types\/page"}],"author":[{"embeddable":true,"href":"https:\/\/terratuscia.com\/de\/wp-json\/wp\/v2\/users\/1"}],"replies":[{"embeddable":true,"href":"https:\/\/terratuscia.com\/de\/wp-json\/wp\/v2\/comments?post=10479"}],"version-history":[{"count":2,"href":"https:\/\/terratuscia.com\/de\/wp-json\/wp\/v2\/pages\/10479\/revisions"}],"predecessor-version":[{"id":14403,"href":"https:\/\/terratuscia.com\/de\/wp-json\/wp\/v2\/pages\/10479\/revisions\/14403"}],"up":[{"embeddable":true,"href":"https:\/\/terratuscia.com\/de\/wp-json\/wp\/v2\/pages\/6031"}],"wp:featuredmedia":[{"embeddable":true,"href":"https:\/\/terratuscia.com\/de\/wp-json\/wp\/v2\/media\/10310"}],"wp:attachment":[{"href":"https:\/\/terratuscia.com\/de\/wp-json\/wp\/v2\/media?parent=10479"}],"curies":[{"name":"wp","href":"https:\/\/api.w.org\/{rel}","templated":true}]}}