{"id":10034,"date":"2022-03-15T15:00:56","date_gmt":"2022-03-15T14:00:56","guid":{"rendered":"https:\/\/terratuscia.com\/?page_id=10034"},"modified":"2023-11-08T11:12:33","modified_gmt":"2023-11-08T10:12:33","slug":"annick-ethic-drinks","status":"publish","type":"page","link":"https:\/\/terratuscia.com\/de\/produzenten\/annick-ethic-drinks\/","title":{"rendered":"Annick"},"content":{"rendered":"\n<div class=\"inherit-container-width wp-block-group alignwide wp-block-group-hdm-no-margin has-white-background-color has-background is-layout-constrained\">\n<div class=\"wp-block-columns alignwide is-layout-flex wp-container-4\">\n<div class=\"wp-block-column is-layout-flow\">\n<h1 class=\"wp-block-heading has-text-align-left\">Annick<\/h1>\n<\/div>\n\n\n\n<div class=\"wp-block-column is-vertically-aligned-center is-layout-flow\">\n<ul class=\"wp-block-social-links alignright has-small-icon-size items-justified-right items-justified-center is-layout-flex\"><li class=\"wp-social-link wp-social-link-chain wp-block-social-link\"><a rel=\" noopener nofollow\" target=\"_blank\" href=\"https:\/\/annickdrink.com\/\" class=\"wp-block-social-link-anchor\"><svg width=\"24\" height=\"24\" viewBox=\"0 0 24 24\" version=\"1.1\" xmlns=\"http:\/\/www.w3.org\/2000\/svg\" aria-hidden=\"true\" focusable=\"false\"><path d=\"M19.647,16.706a1.134,1.134,0,0,0-.343-.833l-2.549-2.549a1.134,1.134,0,0,0-.833-.343,1.168,1.168,0,0,0-.883.392l.233.226q.2.189.264.264a2.922,2.922,0,0,1,.184.233.986.986,0,0,1,.159.312,1.242,1.242,0,0,1,.043.337,1.172,1.172,0,0,1-1.176,1.176,1.237,1.237,0,0,1-.337-.043,1,1,0,0,1-.312-.159,2.76,2.76,0,0,1-.233-.184q-.073-.068-.264-.264l-.226-.233a1.19,1.19,0,0,0-.4.895,1.134,1.134,0,0,0,.343.833L15.837,19.3a1.13,1.13,0,0,0,.833.331,1.18,1.18,0,0,0,.833-.318l1.8-1.789a1.12,1.12,0,0,0,.343-.821Zm-8.615-8.64a1.134,1.134,0,0,0-.343-.833L8.163,4.7a1.134,1.134,0,0,0-.833-.343,1.184,1.184,0,0,0-.833.331L4.7,6.473a1.12,1.12,0,0,0-.343.821,1.134,1.134,0,0,0,.343.833l2.549,2.549a1.13,1.13,0,0,0,.833.331,1.184,1.184,0,0,0,.883-.38L8.728,10.4q-.2-.189-.264-.264A2.922,2.922,0,0,1,8.28,9.9a.986.986,0,0,1-.159-.312,1.242,1.242,0,0,1-.043-.337A1.172,1.172,0,0,1,9.254,8.079a1.237,1.237,0,0,1,.337.043,1,1,0,0,1,.312.159,2.761,2.761,0,0,1,.233.184q.073.068.264.264l.226.233a1.19,1.19,0,0,0,.4-.895ZM22,16.706a3.343,3.343,0,0,1-1.042,2.488l-1.8,1.789a3.536,3.536,0,0,1-4.988-.025l-2.525-2.537a3.384,3.384,0,0,1-1.017-2.488,3.448,3.448,0,0,1,1.078-2.561l-1.078-1.078a3.434,3.434,0,0,1-2.549,1.078,3.4,3.4,0,0,1-2.5-1.029L3.029,9.794A3.4,3.4,0,0,1,2,7.294,3.343,3.343,0,0,1,3.042,4.806l1.8-1.789A3.384,3.384,0,0,1,7.331,2a3.357,3.357,0,0,1,2.5,1.042l2.525,2.537a3.384,3.384,0,0,1,1.017,2.488,3.448,3.448,0,0,1-1.078,2.561l1.078,1.078a3.551,3.551,0,0,1,5.049-.049l2.549,2.549A3.4,3.4,0,0,1,22,16.706Z\"><\/path><\/svg><span class=\"wp-block-social-link-label screen-reader-text\">Link<\/span><\/a><\/li>\n\n<li class=\"wp-social-link wp-social-link-instagram wp-block-social-link\"><a rel=\" noopener nofollow\" target=\"_blank\" href=\"https:\/\/www.instagram.com\/annickdrink\/\" class=\"wp-block-social-link-anchor\"><svg width=\"24\" height=\"24\" viewBox=\"0 0 24 24\" version=\"1.1\" xmlns=\"http:\/\/www.w3.org\/2000\/svg\" aria-hidden=\"true\" focusable=\"false\"><path d=\"M12,4.622c2.403,0,2.688,0.009,3.637,0.052c0.877,0.04,1.354,0.187,1.671,0.31c0.42,0.163,0.72,0.358,1.035,0.673 c0.315,0.315,0.51,0.615,0.673,1.035c0.123,0.317,0.27,0.794,0.31,1.671c0.043,0.949,0.052,1.234,0.052,3.637 s-0.009,2.688-0.052,3.637c-0.04,0.877-0.187,1.354-0.31,1.671c-0.163,0.42-0.358,0.72-0.673,1.035 c-0.315,0.315-0.615,0.51-1.035,0.673c-0.317,0.123-0.794,0.27-1.671,0.31c-0.949,0.043-1.233,0.052-3.637,0.052 s-2.688-0.009-3.637-0.052c-0.877-0.04-1.354-0.187-1.671-0.31c-0.42-0.163-0.72-0.358-1.035-0.673 c-0.315-0.315-0.51-0.615-0.673-1.035c-0.123-0.317-0.27-0.794-0.31-1.671C4.631,14.688,4.622,14.403,4.622,12 s0.009-2.688,0.052-3.637c0.04-0.877,0.187-1.354,0.31-1.671c0.163-0.42,0.358-0.72,0.673-1.035 c0.315-0.315,0.615-0.51,1.035-0.673c0.317-0.123,0.794-0.27,1.671-0.31C9.312,4.631,9.597,4.622,12,4.622 M12,3 C9.556,3,9.249,3.01,8.289,3.054C7.331,3.098,6.677,3.25,6.105,3.472C5.513,3.702,5.011,4.01,4.511,4.511 c-0.5,0.5-0.808,1.002-1.038,1.594C3.25,6.677,3.098,7.331,3.054,8.289C3.01,9.249,3,9.556,3,12c0,2.444,0.01,2.751,0.054,3.711 c0.044,0.958,0.196,1.612,0.418,2.185c0.23,0.592,0.538,1.094,1.038,1.594c0.5,0.5,1.002,0.808,1.594,1.038 c0.572,0.222,1.227,0.375,2.185,0.418C9.249,20.99,9.556,21,12,21s2.751-0.01,3.711-0.054c0.958-0.044,1.612-0.196,2.185-0.418 c0.592-0.23,1.094-0.538,1.594-1.038c0.5-0.5,0.808-1.002,1.038-1.594c0.222-0.572,0.375-1.227,0.418-2.185 C20.99,14.751,21,14.444,21,12s-0.01-2.751-0.054-3.711c-0.044-0.958-0.196-1.612-0.418-2.185c-0.23-0.592-0.538-1.094-1.038-1.594 c-0.5-0.5-1.002-0.808-1.594-1.038c-0.572-0.222-1.227-0.375-2.185-0.418C14.751,3.01,14.444,3,12,3L12,3z M12,7.378 c-2.552,0-4.622,2.069-4.622,4.622S9.448,16.622,12,16.622s4.622-2.069,4.622-4.622S14.552,7.378,12,7.378z M12,15 c-1.657,0-3-1.343-3-3s1.343-3,3-3s3,1.343,3,3S13.657,15,12,15z M16.804,6.116c-0.596,0-1.08,0.484-1.08,1.08 s0.484,1.08,1.08,1.08c0.596,0,1.08-0.484,1.08-1.08S17.401,6.116,16.804,6.116z\"><\/path><\/svg><span class=\"wp-block-social-link-label screen-reader-text\">Instagram<\/span><\/a><\/li>\n\n<li class=\"wp-social-link wp-social-link-facebook wp-block-social-link\"><a rel=\" noopener nofollow\" target=\"_blank\" href=\"https:\/\/www.facebook.com\/AnnickEthicDrinks\" class=\"wp-block-social-link-anchor\"><svg width=\"24\" height=\"24\" viewBox=\"0 0 24 24\" version=\"1.1\" xmlns=\"http:\/\/www.w3.org\/2000\/svg\" aria-hidden=\"true\" focusable=\"false\"><path d=\"M12 2C6.5 2 2 6.5 2 12c0 5 3.7 9.1 8.4 9.9v-7H7.9V12h2.5V9.8c0-2.5 1.5-3.9 3.8-3.9 1.1 0 2.2.2 2.2.2v2.5h-1.3c-1.2 0-1.6.8-1.6 1.6V12h2.8l-.4 2.9h-2.3v7C18.3 21.1 22 17 22 12c0-5.5-4.5-10-10-10z\"><\/path><\/svg><span class=\"wp-block-social-link-label screen-reader-text\">Facebook<\/span><\/a><\/li><\/ul>\n<\/div>\n<\/div>\n\n\n\n<blockquote class=\"wp-block-quote\">\n<p>Annick fuhr 2016 von Belgien nach Lucca. Mit ihrem Fahrrad, das noch immer bei ihr in der Garage steht. Um fit zu bleiben, wollte sie keinen Alkohol trinken. Doch sie fand kein Getr\u00e4nk (au\u00dfer Wasser \ud83d\ude0a) was sie gesund und geschmackvoll fand<\/p>\n<\/blockquote>\n\n\n\n<figure class=\"wp-block-image alignwide size-full is-style-rounded\"><img decoding=\"async\" loading=\"lazy\" width=\"1200\" height=\"600\" src=\"https:\/\/terratuscia.com\/wp-content\/uploads\/2022\/03\/annick-Bubbly-Rose-banner.jpg\" alt=\"\" class=\"wp-image-10051\" srcset=\"https:\/\/terratuscia.com\/wp-content\/uploads\/2022\/03\/annick-Bubbly-Rose-banner.jpg 1200w, https:\/\/terratuscia.com\/wp-content\/uploads\/2022\/03\/annick-Bubbly-Rose-banner-768x384.jpg 768w\" sizes=\"(max-width: 1200px) 100vw, 1200px\" title=\"\"><figcaption class=\"wp-element-caption\"><em>Annick und ihr Rad<\/em><\/figcaption><\/figure>\n\n\n\n<div class=\"wp-block-media-text alignwide is-stacked-on-mobile is-vertically-aligned-center\" style=\"grid-template-columns:34% auto\"><figure class=\"wp-block-media-text__media\"><img decoding=\"async\" loading=\"lazy\" width=\"600\" height=\"800\" src=\"https:\/\/terratuscia.com\/wp-content\/uploads\/2022\/03\/annick-Bubbly-Rose-03.jpg\" alt=\"\" class=\"wp-image-10045 size-full\" srcset=\"https:\/\/terratuscia.com\/wp-content\/uploads\/2022\/03\/annick-Bubbly-Rose-03.jpg 600w, https:\/\/terratuscia.com\/wp-content\/uploads\/2022\/03\/annick-Bubbly-Rose-03-576x768.jpg 576w\" sizes=\"(max-width: 600px) 100vw, 600px\" title=\"\"><\/figure><div class=\"wp-block-media-text__content\">\n<div class=\"inherit-container-width wp-block-group has-white-background-color has-background is-layout-constrained\" style=\"padding-top:var(--wp--preset--spacing--50);padding-right:var(--wp--preset--spacing--50);padding-bottom:var(--wp--preset--spacing--50);padding-left:var(--wp--preset--spacing--50)\">\n<figure class=\"wp-block-image size-large is-resized\"><img decoding=\"async\" loading=\"lazy\" src=\"https:\/\/terratuscia.com\/wp-content\/uploads\/2022\/01\/new-quote.png\" alt=\"\" class=\"wp-image-53898\" width=\"32\" height=\"32\" title=\"\"><\/figure>\n\n\n\n<h3 class=\"wp-block-heading\">Ich begann mit unz\u00e4hligen Versuchen in meiner K\u00fcche. In Zusammenarbeit mit der Universit\u00e4t in Viterbo entwickelten wir eine neue Methode, Traubenmost herzustellen: Mit sehr niedrigem Alkoholgehalt, ohne synthetische Zusatzstoffe, nicht pasteurisiert. Die N\u00e4hrstoffe und das Aroma der Trauben bleiben so erhalten.<\/h3>\n<\/div>\n\n\n\n<p>Annick Bubbly Rose ist auf keinen Fall der Sekt oder Schaumwein, den man so kennt. Er hat nur 1.2% Alkohol und l\u00e4sst dich erfahren, was eine Traube im fr\u00fchesten Stadium der Fermentation an Aromen entfalten kann. <\/p>\n\n\n\n<p>Bei der Produktion wird die uralte Idee der Fermentierung angewendet, die eigentlich auch die ultramodernste und energieeffizienteste Methode ist, rohe Lebensmittel zu transformieren. Diese Methode nutzt man auch bei der Herstellung von Prosecco. Der einzige Unterschied ist, dass der Fermentierungsprozess beim Erreichen von 1.5% Alkohol unterbrochen wird<\/p>\n\n\n\n<p> <br><\/p>\n<\/div><\/div>\n\n\n\n<div class=\"wp-block-media-text alignwide is-stacked-on-mobile is-vertically-aligned-center\" style=\"grid-template-columns:34% auto\"><figure class=\"wp-block-media-text__media\"><img decoding=\"async\" loading=\"lazy\" width=\"600\" height=\"800\" src=\"https:\/\/terratuscia.com\/wp-content\/uploads\/2022\/03\/annick-Bubbly-Rose-04.jpg\" alt=\"\" class=\"wp-image-10048 size-full\" srcset=\"https:\/\/terratuscia.com\/wp-content\/uploads\/2022\/03\/annick-Bubbly-Rose-04.jpg 600w, https:\/\/terratuscia.com\/wp-content\/uploads\/2022\/03\/annick-Bubbly-Rose-04-576x768.jpg 576w\" sizes=\"(max-width: 600px) 100vw, 600px\" title=\"\"><\/figure><div class=\"wp-block-media-text__content\">\n<div class=\"inherit-container-width wp-block-group has-white-background-color has-background is-layout-constrained\" style=\"padding-top:var(--wp--preset--spacing--50);padding-right:var(--wp--preset--spacing--50);padding-bottom:var(--wp--preset--spacing--50);padding-left:var(--wp--preset--spacing--50)\">\n<figure class=\"wp-block-image size-large is-resized\"><img decoding=\"async\" loading=\"lazy\" src=\"https:\/\/terratuscia.com\/wp-content\/uploads\/2022\/01\/new-quote.png\" alt=\"\" class=\"wp-image-53898\" width=\"32\" height=\"32\" title=\"\"><\/figure>\n\n\n\n<h3 class=\"wp-block-heading\">Es ist einfach purer und gesunder Genuss. Eine Alternative zu traditionellen alkoholischen Getr\u00e4nken ist kein kurzlebiger Trend. Vielmehr ein Element des sich \u00e4ndernden Lebensstil der Menschen; hin zu mehr Bewusstsein f\u00fcr Gesundheit und Genuss, Hand in Hand.<\/h3>\n<\/div>\n\n\n\n<p>Annick sucht immer nach der perfekten Kombination von Qualit\u00e4t und Nachhaltigkeit. Das zeigt sich auch in der Wahl der Flaschen aus recycletem Glas mit Schraubverschluss, um den verbleibenden Rest immer noch genie\u00dfen zu k\u00f6nnen. Oder der handgemachten Kiste f\u00fcr die Magnumflasche, die aus verantwortlich gez\u00fcchteten H\u00f6lzern hergestellt ist.<\/p>\n\n\n\n<p><strong>Tr\u00e4ume f\u00fcr die Zukunft <\/strong>gibt es allemal. Vom Erhalt alter Weinberge und der Ausbreitung biodynamischer Techniken, \u00fcber das Ziel energieneutral zu produzieren, bis hin zum Traum Annick Bubbly zu einem Symbol werden zu lassen f\u00fcr alle, die an die Harmonie mit der Natur glauben.<\/p>\n<\/div><\/div>\n\n\n\n<h3 class=\"wp-block-heading alignwide\">und das sind einige ihrer Produkte<\/h3>\n\n\n<div class=\"woocommerce columns-6 \"><ul class=\"products columns-6\">\n<li class=\"desktop-align-right tablet-align-right mobile-align-right ast-product-gallery-layout-horizontal-slider ast-product-tabs-layout-vertical product type-product post-10015 status-publish first instock product_cat-wein-und-spirituosen has-post-thumbnail featured taxable shipping-taxable purchasable product-type-simple\">\n\t<div class=\"biokategorie_block\"><span class=\"biokategorie_display Biozertifiziert\" title=\"Biozertifiziert\" role=\"img\" aria-label=\"Biozertifiziert\"> <\/span><span class=\"biokategorie_display BioDistretto\" title=\"BioDistretto\" role=\"img\" aria-label=\"BioDistretto\"> <\/span><\/div><div class=\"pwb-brands-in-loop\"><span><a href=\"https:\/\/terratuscia.com\/de\/produzentproduktarchiv\/annick-ethic-drinks\/\">Annick<\/a><\/span><\/div><\/li>\n<li class=\"desktop-align-right tablet-align-right mobile-align-right ast-product-gallery-layout-horizontal-slider ast-product-gallery-with-no-image ast-product-tabs-layout-vertical product type-product post-13480 status-publish instock product_cat-spezielle-angebote product_cat-pasta-und-zubehoer product_cat-suesses-und-fruehstueck product_cat-wein-und-spirituosen has-post-thumbnail sale taxable shipping-taxable purchasable product-type-simple\">\n\t<div class=\"biokategorie_block\"><span class=\"biokategorie_display Biozertifiziert\" title=\"Biozertifiziert\" role=\"img\" aria-label=\"Biozertifiziert\"> <\/span><span class=\"biokategorie_display BioDistretto\" title=\"BioDistretto\" role=\"img\" aria-label=\"BioDistretto\"> <\/span><\/div><div class=\"pwb-brands-in-loop\"><span><a href=\"https:\/\/terratuscia.com\/de\/produzentproduktarchiv\/annick-ethic-drinks\/\">Annick<\/a><\/span><span><a href=\"https:\/\/terratuscia.com\/de\/produzentproduktarchiv\/il-sambuco\/\">Il Sambuco<\/a><\/span><span><a href=\"https:\/\/terratuscia.com\/de\/produzentproduktarchiv\/le-moline\/\">Le Moline<\/a><\/span><span><a href=\"https:\/\/terratuscia.com\/de\/produzentproduktarchiv\/ora-pasta\/\">Ora Pasta<\/a><\/span><\/div><\/li>\n<li class=\"desktop-align-right tablet-align-right mobile-align-right ast-product-gallery-layout-horizontal-slider ast-product-tabs-layout-vertical product type-product post-18372 status-publish instock product_cat-wein-und-spirituosen has-post-thumbnail featured taxable shipping-taxable purchasable product-type-simple\">\n\t<div class=\"biokategorie_block\"><span class=\"biokategorie_display Biozertifiziert\" title=\"Biozertifiziert\" role=\"img\" aria-label=\"Biozertifiziert\"> <\/span><span class=\"biokategorie_display BioDistretto\" title=\"BioDistretto\" role=\"img\" aria-label=\"BioDistretto\"> <\/span><\/div><div class=\"pwb-brands-in-loop\"><span><a href=\"https:\/\/terratuscia.com\/de\/produzentproduktarchiv\/annick-ethic-drinks\/\">Annick<\/a><\/span><\/div><\/li>\n<li class=\"desktop-align-right tablet-align-right mobile-align-right ast-product-gallery-layout-horizontal-slider ast-product-tabs-layout-vertical product type-product post-18315 status-publish instock product_cat-wein-und-spirituosen has-post-thumbnail featured taxable shipping-taxable purchasable product-type-simple\">\n\t<div class=\"biokategorie_block\"><span class=\"biokategorie_display Biozertifiziert\" title=\"Biozertifiziert\" role=\"img\" aria-label=\"Biozertifiziert\"> <\/span><span class=\"biokategorie_display BioDistretto\" title=\"BioDistretto\" role=\"img\" aria-label=\"BioDistretto\"> <\/span><\/div><div class=\"pwb-brands-in-loop\"><span><a href=\"https:\/\/terratuscia.com\/de\/produzentproduktarchiv\/annick-ethic-drinks\/\">Annick<\/a><\/span><\/div><\/li>\n<li class=\"desktop-align-right tablet-align-right mobile-align-right ast-product-gallery-layout-horizontal-slider ast-product-tabs-layout-vertical product type-product post-13544 status-publish instock product_cat-spezielle-angebote product_cat-kunst-und-gegenstaende product_cat-wein-und-spirituosen has-post-thumbnail sale taxable shipping-taxable purchasable product-type-simple\">\n\t<div class=\"biokategorie_block\"><span class=\"biokategorie_display Biozertifiziert\" title=\"Biozertifiziert\" role=\"img\" aria-label=\"Biozertifiziert\"> <\/span><\/div><div class=\"pwb-brands-in-loop\"><span><a href=\"https:\/\/terratuscia.com\/de\/produzentproduktarchiv\/annick-ethic-drinks\/\">Annick<\/a><\/span><span><a href=\"https:\/\/terratuscia.com\/de\/produzentproduktarchiv\/naturaaemme\/\">NaturaAemme<\/a><\/span><\/div><\/li>\n<li class=\"desktop-align-right tablet-align-right mobile-align-right ast-product-gallery-layout-horizontal-slider ast-product-tabs-layout-vertical product type-product post-13526 status-publish last instock product_cat-spezielle-angebote product_cat-fleisch-und-wurstwaren product_cat-wein-und-spirituosen has-post-thumbnail sale taxable shipping-taxable purchasable product-type-simple\">\n\t<div class=\"biokategorie_block\"><span class=\"biokategorie_display Biozertifiziert\" title=\"Biozertifiziert\" role=\"img\" aria-label=\"Biozertifiziert\"> <\/span><\/div><div class=\"pwb-brands-in-loop\"><span><a href=\"https:\/\/terratuscia.com\/de\/produzentproduktarchiv\/annick-ethic-drinks\/\">Annick<\/a><\/span><span><a href=\"https:\/\/terratuscia.com\/de\/produzentproduktarchiv\/le-moline\/\">Le Moline<\/a><\/span><\/div><\/li>\n<\/ul>\n<\/div>\n<\/div>\n","protected":false},"excerpt":{"rendered":"<p>Annick Spritziger Ros\u00e9, teilfermentiert, aus handverlesenen lokalen Trauben. Le Moline Schiacciata Pikant vom Cinta Senese. Gereift. Vakuumverpackt. Details und Inhaltsstoffe findet Ihr bei den individuellen Produktbeschreibungen.<\/p>\n","protected":false},"author":1,"featured_media":10058,"parent":6031,"menu_order":0,"comment_status":"open","ping_status":"closed","template":"","meta":{"_uag_custom_page_level_css":"","site-sidebar-layout":"default","site-content-layout":"default","ast-global-header-display":"","ast-banner-title-visibility":"","ast-main-header-display":"","ast-hfb-above-header-display":"","ast-hfb-below-header-display":"","ast-hfb-mobile-header-display":"","site-post-title":"disabled","ast-breadcrumbs-content":"","ast-featured-img":"disabled","footer-sml-layout":"","theme-transparent-header-meta":"","adv-header-id-meta":"","stick-header-meta":"","header-above-stick-meta":"","header-main-stick-meta":"","header-below-stick-meta":""},"uagb_featured_image_src":{"full":["https:\/\/terratuscia.com\/wp-content\/uploads\/2022\/03\/annick-Bubbly-Rose-profil.jpg",600,400,false],"thumbnail":["https:\/\/terratuscia.com\/wp-content\/uploads\/2022\/03\/annick-Bubbly-Rose-profil-150x150.jpg",150,150,true],"medium":["https:\/\/terratuscia.com\/wp-content\/uploads\/2022\/03\/annick-Bubbly-Rose-profil.jpg",600,400,false],"medium_large":["https:\/\/terratuscia.com\/wp-content\/uploads\/2022\/03\/annick-Bubbly-Rose-profil.jpg",600,400,false],"large":["https:\/\/terratuscia.com\/wp-content\/uploads\/2022\/03\/annick-Bubbly-Rose-profil.jpg",600,400,false],"1536x1536":["https:\/\/terratuscia.com\/wp-content\/uploads\/2022\/03\/annick-Bubbly-Rose-profil.jpg",600,400,false],"2048x2048":["https:\/\/terratuscia.com\/wp-content\/uploads\/2022\/03\/annick-Bubbly-Rose-profil.jpg",600,400,false],"woocommerce_thumbnail":["https:\/\/terratuscia.com\/wp-content\/uploads\/2022\/03\/annick-Bubbly-Rose-profil-350x350.jpg",350,350,true],"woocommerce_single":["https:\/\/terratuscia.com\/wp-content\/uploads\/2022\/03\/annick-Bubbly-Rose-profil.jpg",600,400,false],"woocommerce_gallery_thumbnail":["https:\/\/terratuscia.com\/wp-content\/uploads\/2022\/03\/annick-Bubbly-Rose-profil-200x200.jpg",200,200,true]},"uagb_author_info":{"display_name":"HolgerD","author_link":"https:\/\/terratuscia.com\/de\/author\/holgerd\/"},"uagb_comment_info":0,"uagb_excerpt":"Annick Spritziger Ros\u00e9, teilfermentiert, aus handverlesenen lokalen Trauben. Le Moline Schiacciata Pikant vom Cinta Senese. Gereift. Vakuumverpackt. Details und Inhaltsstoffe findet Ihr bei den individuellen Produktbeschreibungen.","_links":{"self":[{"href":"https:\/\/terratuscia.com\/de\/wp-json\/wp\/v2\/pages\/10034"}],"collection":[{"href":"https:\/\/terratuscia.com\/de\/wp-json\/wp\/v2\/pages"}],"about":[{"href":"https:\/\/terratuscia.com\/de\/wp-json\/wp\/v2\/types\/page"}],"author":[{"embeddable":true,"href":"https:\/\/terratuscia.com\/de\/wp-json\/wp\/v2\/users\/1"}],"replies":[{"embeddable":true,"href":"https:\/\/terratuscia.com\/de\/wp-json\/wp\/v2\/comments?post=10034"}],"version-history":[{"count":3,"href":"https:\/\/terratuscia.com\/de\/wp-json\/wp\/v2\/pages\/10034\/revisions"}],"predecessor-version":[{"id":18429,"href":"https:\/\/terratuscia.com\/de\/wp-json\/wp\/v2\/pages\/10034\/revisions\/18429"}],"up":[{"embeddable":true,"href":"https:\/\/terratuscia.com\/de\/wp-json\/wp\/v2\/pages\/6031"}],"wp:featuredmedia":[{"embeddable":true,"href":"https:\/\/terratuscia.com\/de\/wp-json\/wp\/v2\/media\/10058"}],"wp:attachment":[{"href":"https:\/\/terratuscia.com\/de\/wp-json\/wp\/v2\/media?parent=10034"}],"curies":[{"name":"wp","href":"https:\/\/api.w.org\/{rel}","templated":true}]}}